{"id":2651,"date":"2015-03-23T14:01:11","date_gmt":"2015-03-23T13:01:11","guid":{"rendered":"http:\/\/www.alcochemsteel.nl\/?page_id=2651"},"modified":"2015-06-04T12:52:26","modified_gmt":"2015-06-04T11:52:26","slug":"uber-uns","status":"publish","type":"page","link":"https:\/\/www.alcochemsteel.nl\/de\/uber-uns\/","title":{"rendered":"\u00dcber uns"},"content":{"rendered":"<p>Alcochem entstand in den 70er Jahren als Handelsunternehmen f\u00fcr Alkohol und Chemikalien. Im Jahr 1995 kam eine zus\u00e4tzliche Spezialisierung hinzu, n\u00e4mlich Alcochem Steel.<br \/>\nAlcochem Steel ist spezialisiert auf die Lieferung von kundenspezifischen St\u00e4hlen, Edelst\u00e4hlen und Aluminiumprodukten. Mit B\u00fcros in den Niederlanden und China sowie Produktionspartnern in Osteuropa und Asien legt Alcochem Steel den Fokus auf qualitativ hochwertige Produkte.<br \/>\nUnsere Gesch\u00e4ftsbeziehungen mit Herstellern und Kunden basieren auf einer langfristigen Zusammenarbeit. Unser Mehrwert spiegelt sich in der Bereitstellung des gesamten Prozesses wider, angefangen bei F&amp;E bis hin zum Aftersales-Service, Implementierung von Qualit\u00e4tsmanagementsystemen eingeschlossen.<br \/>\nAlcochem Steel beliefert bereits viele Kunden mit kundenspezifischen Produkten. Vor allem in der Automobilindustrie sind wir sehr stark vertreten. So liefern wir OEM-Teile an Daf, Mercedes, Scania und Volkswagen.<br \/>\nNat\u00fcrlich beliefern wir neben der Automobilindustrie auch viele andere Industriezweige. Z. B. Bau-, Wasser-, \u00d6lindustrie und viele mehr.<br \/>\nAufgrund unserer umfangreichen Erfahrung in der Logistik, in in- und ausl\u00e4ndischen M\u00e4rkten sowie unser technisches Know-how kann Alcochem Steel konkurrenzf\u00e4hige Preise, Qualit\u00e4t und Kontinuit\u00e4t bieten. Wir bieten ebenfalls einen sicheren Weg f\u00fcr das Outsourcing in Billiglohnl\u00e4nder. Dabei besteht f\u00fcr unsere Abnehmer keine Notwendigkeit zu Investitionen in ein solches Netzwerk.<br \/>\nMit unserem Know-how im Stahlbereich m\u00f6chten wir auch Ihnen als Kunden helfen, Qualit\u00e4t und Kontinuit\u00e4t Ihrer Produkte sicherzustellen.<br \/>\nHaben wir Ihr Interesse geweckt? Nehmen Sie dann mit uns Kontakt auf.<\/p>\n","protected":false},"excerpt":{"rendered":"<p>Alcochem entstand in den 70er Jahren als Handelsunternehmen f\u00fcr Alkohol und Chemikalien. Im Jahr 1995 kam eine zus\u00e4tzliche Spezialisierung hinzu, n\u00e4mlich Alcochem Steel. Alcochem Steel ist spezialisiert auf die Lieferung von kundenspezifischen St\u00e4hlen, Edelst\u00e4hlen und Aluminiumprodukten. Mit B\u00fcros in den Niederlanden und China sowie Produktionspartnern in Osteuropa und Asien legt Alcochem Steel den Fokus auf [&hellip;]<\/p>\n","protected":false},"author":2,"featured_media":0,"parent":0,"menu_order":0,"comment_status":"open","ping_status":"open","template":"","meta":{"footnotes":""},"yoast_head":"<!-- This site is optimized with the Yoast SEO plugin v24.5 - https:\/\/yoast.com\/wordpress\/plugins\/seo\/ -->\n<title>\u00dcber uns - Alcochem Steel<\/title>\n<meta name=\"robots\" content=\"index, follow, max-snippet:-1, max-image-preview:large, max-video-preview:-1\" \/>\n<link rel=\"canonical\" href=\"https:\/\/www.alcochemsteel.nl\/de\/uber-uns\/\" \/>\n<meta property=\"og:locale\" content=\"de_DE\" \/>\n<meta property=\"og:type\" content=\"article\" \/>\n<meta property=\"og:title\" content=\"\u00dcber uns - Alcochem Steel\" \/>\n<meta property=\"og:description\" content=\"Alcochem entstand in den 70er Jahren als Handelsunternehmen f\u00fcr Alkohol und Chemikalien. Im Jahr 1995 kam eine zus\u00e4tzliche Spezialisierung hinzu, n\u00e4mlich Alcochem Steel. Alcochem Steel ist spezialisiert auf die Lieferung von kundenspezifischen St\u00e4hlen, Edelst\u00e4hlen und Aluminiumprodukten. Mit B\u00fcros in den Niederlanden und China sowie Produktionspartnern in Osteuropa und Asien legt Alcochem Steel den Fokus auf [&hellip;]\" \/>\n<meta property=\"og:url\" content=\"https:\/\/www.alcochemsteel.nl\/de\/uber-uns\/\" \/>\n<meta property=\"og:site_name\" content=\"Alcochem Steel\" \/>\n<meta property=\"article:modified_time\" content=\"2015-06-04T11:52:26+00:00\" \/>\n<meta name=\"twitter:label1\" content=\"Gesch\u00e4tzte Lesezeit\" \/>\n\t<meta name=\"twitter:data1\" content=\"1\u00a0Minute\" \/>\n<script type=\"application\/ld+json\" class=\"yoast-schema-graph\">{\"@context\":\"https:\/\/schema.org\",\"@graph\":[{\"@type\":\"WebPage\",\"@id\":\"https:\/\/www.alcochemsteel.nl\/de\/uber-uns\/\",\"url\":\"https:\/\/www.alcochemsteel.nl\/de\/uber-uns\/\",\"name\":\"\u00dcber uns - Alcochem Steel\",\"isPartOf\":{\"@id\":\"https:\/\/www.alcochemsteel.nl\/#website\"},\"datePublished\":\"2015-03-23T13:01:11+00:00\",\"dateModified\":\"2015-06-04T11:52:26+00:00\",\"breadcrumb\":{\"@id\":\"https:\/\/www.alcochemsteel.nl\/de\/uber-uns\/#breadcrumb\"},\"inLanguage\":\"de\",\"potentialAction\":[{\"@type\":\"ReadAction\",\"target\":[\"https:\/\/www.alcochemsteel.nl\/de\/uber-uns\/\"]}]},{\"@type\":\"BreadcrumbList\",\"@id\":\"https:\/\/www.alcochemsteel.nl\/de\/uber-uns\/#breadcrumb\",\"itemListElement\":[{\"@type\":\"ListItem\",\"position\":1,\"name\":\"Home\",\"item\":\"https:\/\/www.alcochemsteel.nl\/de\/\"},{\"@type\":\"ListItem\",\"position\":2,\"name\":\"\u00dcber uns\"}]},{\"@type\":\"WebSite\",\"@id\":\"https:\/\/www.alcochemsteel.nl\/#website\",\"url\":\"https:\/\/www.alcochemsteel.nl\/\",\"name\":\"Alcochem Steel\",\"description\":\"\",\"potentialAction\":[{\"@type\":\"SearchAction\",\"target\":{\"@type\":\"EntryPoint\",\"urlTemplate\":\"https:\/\/www.alcochemsteel.nl\/?s={search_term_string}\"},\"query-input\":{\"@type\":\"PropertyValueSpecification\",\"valueRequired\":true,\"valueName\":\"search_term_string\"}}],\"inLanguage\":\"de\"}]}<\/script>\n<!-- \/ Yoast SEO plugin. -->","yoast_head_json":{"title":"\u00dcber uns - Alcochem Steel","robots":{"index":"index","follow":"follow","max-snippet":"max-snippet:-1","max-image-preview":"max-image-preview:large","max-video-preview":"max-video-preview:-1"},"canonical":"https:\/\/www.alcochemsteel.nl\/de\/uber-uns\/","og_locale":"de_DE","og_type":"article","og_title":"\u00dcber uns - Alcochem Steel","og_description":"Alcochem entstand in den 70er Jahren als Handelsunternehmen f\u00fcr Alkohol und Chemikalien. Im Jahr 1995 kam eine zus\u00e4tzliche Spezialisierung hinzu, n\u00e4mlich Alcochem Steel. Alcochem Steel ist spezialisiert auf die Lieferung von kundenspezifischen St\u00e4hlen, Edelst\u00e4hlen und Aluminiumprodukten. Mit B\u00fcros in den Niederlanden und China sowie Produktionspartnern in Osteuropa und Asien legt Alcochem Steel den Fokus auf [&hellip;]","og_url":"https:\/\/www.alcochemsteel.nl\/de\/uber-uns\/","og_site_name":"Alcochem Steel","article_modified_time":"2015-06-04T11:52:26+00:00","twitter_misc":{"Gesch\u00e4tzte Lesezeit":"1\u00a0Minute"},"schema":{"@context":"https:\/\/schema.org","@graph":[{"@type":"WebPage","@id":"https:\/\/www.alcochemsteel.nl\/de\/uber-uns\/","url":"https:\/\/www.alcochemsteel.nl\/de\/uber-uns\/","name":"\u00dcber uns - Alcochem Steel","isPartOf":{"@id":"https:\/\/www.alcochemsteel.nl\/#website"},"datePublished":"2015-03-23T13:01:11+00:00","dateModified":"2015-06-04T11:52:26+00:00","breadcrumb":{"@id":"https:\/\/www.alcochemsteel.nl\/de\/uber-uns\/#breadcrumb"},"inLanguage":"de","potentialAction":[{"@type":"ReadAction","target":["https:\/\/www.alcochemsteel.nl\/de\/uber-uns\/"]}]},{"@type":"BreadcrumbList","@id":"https:\/\/www.alcochemsteel.nl\/de\/uber-uns\/#breadcrumb","itemListElement":[{"@type":"ListItem","position":1,"name":"Home","item":"https:\/\/www.alcochemsteel.nl\/de\/"},{"@type":"ListItem","position":2,"name":"\u00dcber uns"}]},{"@type":"WebSite","@id":"https:\/\/www.alcochemsteel.nl\/#website","url":"https:\/\/www.alcochemsteel.nl\/","name":"Alcochem Steel","description":"","potentialAction":[{"@type":"SearchAction","target":{"@type":"EntryPoint","urlTemplate":"https:\/\/www.alcochemsteel.nl\/?s={search_term_string}"},"query-input":{"@type":"PropertyValueSpecification","valueRequired":true,"valueName":"search_term_string"}}],"inLanguage":"de"}]}},"_links":{"self":[{"href":"https:\/\/www.alcochemsteel.nl\/de\/wp-json\/wp\/v2\/pages\/2651"}],"collection":[{"href":"https:\/\/www.alcochemsteel.nl\/de\/wp-json\/wp\/v2\/pages"}],"about":[{"href":"https:\/\/www.alcochemsteel.nl\/de\/wp-json\/wp\/v2\/types\/page"}],"author":[{"embeddable":true,"href":"https:\/\/www.alcochemsteel.nl\/de\/wp-json\/wp\/v2\/users\/2"}],"replies":[{"embeddable":true,"href":"https:\/\/www.alcochemsteel.nl\/de\/wp-json\/wp\/v2\/comments?post=2651"}],"version-history":[{"count":2,"href":"https:\/\/www.alcochemsteel.nl\/de\/wp-json\/wp\/v2\/pages\/2651\/revisions"}],"predecessor-version":[{"id":2807,"href":"https:\/\/www.alcochemsteel.nl\/de\/wp-json\/wp\/v2\/pages\/2651\/revisions\/2807"}],"wp:attachment":[{"href":"https:\/\/www.alcochemsteel.nl\/de\/wp-json\/wp\/v2\/media?parent=2651"}],"curies":[{"name":"wp","href":"https:\/\/api.w.org\/{rel}","templated":true}]}}