{"id":2649,"date":"2015-03-23T14:00:17","date_gmt":"2015-03-23T13:00:17","guid":{"rendered":"http:\/\/www.alcochemsteel.nl\/?page_id=2649"},"modified":"2020-09-08T16:25:18","modified_gmt":"2020-09-08T15:25:18","slug":"sicherheitsprodukte","status":"publish","type":"page","link":"https:\/\/www.alcochemsteel.nl\/de\/sicherheitsprodukte\/","title":{"rendered":"Sicherheitsprodukte"},"content":{"rendered":"<p>Wir liefern Sicherheitsprodukte nach Ma\u00df f\u00fcr viele Anwendungen, die mit unterschiedlichen Produktionsverfahren hergestellt werden. In allen F\u00e4llen werden die Produkte an nach ISO 9001 oder TS 16949 zertifizierten Standorten gefertigt.<br \/>\nKundenw\u00fcnsche und -anforderungen k\u00f6nnen umgesetzt werden und f\u00fcr jedes Produkt entwickeln wir zusammen mit unserem Kunden ein Testprogramm, das sowohl im Haus als auch bei einem unabh\u00e4ngigen externen Pr\u00fcfinstitut ausgef\u00fchrt werden kann.<br \/>\nNachstehend finden Sie einige Anwendungsbeispiele wie Sicherheitshaken an Zughaken, Traggurte und Aufrollmechanismen f\u00fcr Anwendungen im Automobilbereich, Hebe-und Spanngurte f\u00fcr Fuhrunternehmen.<\/p>\n\n\t\t<style type=\"text\/css\">\n\t\t\t#gallery-1 {\n\t\t\t\tmargin: auto;\n\t\t\t}\n\t\t\t#gallery-1 .gallery-item {\n\t\t\t\tfloat: left;\n\t\t\t\tmargin-top: 10px;\n\t\t\t\ttext-align: center;\n\t\t\t\twidth: 25%;\n\t\t\t}\n\t\t\t#gallery-1 img {\n\t\t\t\tborder: 2px solid #cfcfcf;\n\t\t\t}\n\t\t\t#gallery-1 .gallery-caption {\n\t\t\t\tmargin-left: 0;\n\t\t\t}\n\t\t\t\/* see gallery_shortcode() in wp-includes\/media.php *\/\n\t\t<\/style>\n\t\t<div id='gallery-1' class='gallery galleryid-2649 gallery-columns-4 gallery-size-thumbnail'><dl class='gallery-item'>\n\t\t\t<dt class='gallery-icon landscape'>\n\t\t\t\t<a href='https:\/\/www.alcochemsteel.nl\/wp-content\/uploads\/spanband.jpg'><img decoding=\"async\" width=\"150\" height=\"150\" src=\"https:\/\/www.alcochemsteel.nl\/wp-content\/uploads\/spanband-150x150.jpg\" class=\"attachment-thumbnail size-thumbnail\" alt=\"\" \/><\/a>\n\t\t\t<\/dt><\/dl><dl class='gallery-item'>\n\t\t\t<dt class='gallery-icon landscape'>\n\t\t\t\t<a href='https:\/\/www.alcochemsteel.nl\/wp-content\/uploads\/buigdeel_2.jpg'><img decoding=\"async\" width=\"150\" height=\"150\" src=\"https:\/\/www.alcochemsteel.nl\/wp-content\/uploads\/buigdeel_2-150x150.jpg\" class=\"attachment-thumbnail size-thumbnail\" alt=\"\" \/><\/a>\n\t\t\t<\/dt><\/dl><dl class='gallery-item'>\n\t\t\t<dt class='gallery-icon landscape'>\n\t\t\t\t<a href='https:\/\/www.alcochemsteel.nl\/wp-content\/uploads\/haken.jpg'><img decoding=\"async\" width=\"150\" height=\"150\" src=\"https:\/\/www.alcochemsteel.nl\/wp-content\/uploads\/haken-150x150.jpg\" class=\"attachment-thumbnail size-thumbnail\" alt=\"\" \/><\/a>\n\t\t\t<\/dt><\/dl><dl class='gallery-item'>\n\t\t\t<dt class='gallery-icon landscape'>\n\t\t\t\t<a href='https:\/\/www.alcochemsteel.nl\/wp-content\/uploads\/haak.jpg'><img loading=\"lazy\" decoding=\"async\" width=\"150\" height=\"150\" src=\"https:\/\/www.alcochemsteel.nl\/wp-content\/uploads\/haak-150x150.jpg\" class=\"attachment-thumbnail size-thumbnail\" alt=\"\" \/><\/a>\n\t\t\t<\/dt><\/dl><br style=\"clear: both\" \/><dl class='gallery-item'>\n\t\t\t<dt class='gallery-icon portrait'>\n\t\t\t\t<a href='https:\/\/www.alcochemsteel.nl\/wp-content\/uploads\/gordelslot.png'><img loading=\"lazy\" decoding=\"async\" width=\"150\" height=\"150\" src=\"https:\/\/www.alcochemsteel.nl\/wp-content\/uploads\/gordelslot-150x150.png\" class=\"attachment-thumbnail size-thumbnail\" alt=\"\" \/><\/a>\n\t\t\t<\/dt><\/dl><dl class='gallery-item'>\n\t\t\t<dt class='gallery-icon landscape'>\n\t\t\t\t<a href='https:\/\/www.alcochemsteel.nl\/wp-content\/uploads\/gordeladapter.jpg'><img loading=\"lazy\" decoding=\"async\" width=\"150\" height=\"150\" src=\"https:\/\/www.alcochemsteel.nl\/wp-content\/uploads\/gordeladapter-150x150.jpg\" class=\"attachment-thumbnail size-thumbnail\" alt=\"\" \/><\/a>\n\t\t\t<\/dt><\/dl><dl class='gallery-item'>\n\t\t\t<dt class='gallery-icon landscape'>\n\t\t\t\t<a href='https:\/\/www.alcochemsteel.nl\/wp-content\/uploads\/Gordel.jpg'><img loading=\"lazy\" decoding=\"async\" width=\"150\" height=\"150\" src=\"https:\/\/www.alcochemsteel.nl\/wp-content\/uploads\/Gordel-150x150.jpg\" class=\"attachment-thumbnail size-thumbnail\" alt=\"\" \/><\/a>\n\t\t\t<\/dt><\/dl><dl class='gallery-item'>\n\t\t\t<dt class='gallery-icon landscape'>\n\t\t\t\t<a href='https:\/\/www.alcochemsteel.nl\/wp-content\/uploads\/gordelspanner.jpg'><img loading=\"lazy\" decoding=\"async\" width=\"150\" height=\"150\" src=\"https:\/\/www.alcochemsteel.nl\/wp-content\/uploads\/gordelspanner-150x150.jpg\" class=\"attachment-thumbnail size-thumbnail\" alt=\"\" \/><\/a>\n\t\t\t<\/dt><\/dl><br style=\"clear: both\" \/><dl class='gallery-item'>\n\t\t\t<dt class='gallery-icon landscape'>\n\t\t\t\t<a href='https:\/\/www.alcochemsteel.nl\/wp-content\/uploads\/Gordelspanner.jpg'><img loading=\"lazy\" decoding=\"async\" width=\"150\" height=\"150\" src=\"https:\/\/www.alcochemsteel.nl\/wp-content\/uploads\/Gordelspanner-150x150.jpg\" class=\"attachment-thumbnail size-thumbnail\" alt=\"\" \/><\/a>\n\t\t\t<\/dt><\/dl><dl class='gallery-item'>\n\t\t\t<dt class='gallery-icon landscape'>\n\t\t\t\t<a href='https:\/\/www.alcochemsteel.nl\/wp-content\/uploads\/Retractor-1.jpg'><img loading=\"lazy\" decoding=\"async\" width=\"150\" height=\"150\" src=\"https:\/\/www.alcochemsteel.nl\/wp-content\/uploads\/Retractor-1-150x150.jpg\" class=\"attachment-thumbnail size-thumbnail\" alt=\"\" \/><\/a>\n\t\t\t<\/dt><\/dl><dl class='gallery-item'>\n\t\t\t<dt class='gallery-icon landscape'>\n\t\t\t\t<a href='https:\/\/www.alcochemsteel.nl\/wp-content\/uploads\/Retractor-Beige.jpg'><img loading=\"lazy\" decoding=\"async\" width=\"150\" height=\"150\" src=\"https:\/\/www.alcochemsteel.nl\/wp-content\/uploads\/Retractor-Beige-150x150.jpg\" class=\"attachment-thumbnail size-thumbnail\" alt=\"\" \/><\/a>\n\t\t\t<\/dt><\/dl><dl class='gallery-item'>\n\t\t\t<dt class='gallery-icon landscape'>\n\t\t\t\t<a href='https:\/\/www.alcochemsteel.nl\/wp-content\/uploads\/Frame_spanner.jpg'><img loading=\"lazy\" decoding=\"async\" width=\"150\" height=\"150\" src=\"https:\/\/www.alcochemsteel.nl\/wp-content\/uploads\/Frame_spanner-150x150.jpg\" class=\"attachment-thumbnail size-thumbnail\" alt=\"\" \/><\/a>\n\t\t\t<\/dt><\/dl><br style=\"clear: both\" \/><dl class='gallery-item'>\n\t\t\t<dt class='gallery-icon landscape'>\n\t\t\t\t<a href='https:\/\/www.alcochemsteel.nl\/wp-content\/uploads\/Buckle-Beige.jpg'><img loading=\"lazy\" decoding=\"async\" width=\"150\" height=\"150\" src=\"https:\/\/www.alcochemsteel.nl\/wp-content\/uploads\/Buckle-Beige-150x150.jpg\" class=\"attachment-thumbnail size-thumbnail\" alt=\"\" \/><\/a>\n\t\t\t<\/dt><\/dl><dl class='gallery-item'>\n\t\t\t<dt class='gallery-icon landscape'>\n\t\t\t\t<a href='https:\/\/www.alcochemsteel.nl\/wp-content\/uploads\/Gordelspanners.jpg'><img loading=\"lazy\" decoding=\"async\" width=\"150\" height=\"150\" src=\"https:\/\/www.alcochemsteel.nl\/wp-content\/uploads\/Gordelspanners-150x150.jpg\" class=\"attachment-thumbnail size-thumbnail\" alt=\"\" \/><\/a>\n\t\t\t<\/dt><\/dl>\n\t\t\t<br style='clear: both' \/>\n\t\t<\/div>\n\n","protected":false},"excerpt":{"rendered":"<p>Wir liefern Sicherheitsprodukte nach Ma\u00df f\u00fcr viele Anwendungen, die mit unterschiedlichen Produktionsverfahren hergestellt werden. In allen F\u00e4llen werden die Produkte an nach ISO 9001 oder TS 16949 zertifizierten Standorten gefertigt. Kundenw\u00fcnsche und -anforderungen k\u00f6nnen umgesetzt werden und f\u00fcr jedes Produkt entwickeln wir zusammen mit unserem Kunden ein Testprogramm, das sowohl im Haus als auch bei [&hellip;]<\/p>\n","protected":false},"author":2,"featured_media":0,"parent":0,"menu_order":0,"comment_status":"open","ping_status":"open","template":"","meta":{"footnotes":""},"yoast_head":"<!-- This site is optimized with the Yoast SEO plugin v24.5 - https:\/\/yoast.com\/wordpress\/plugins\/seo\/ -->\n<title>Sicherheitsprodukte - Alcochem Steel<\/title>\n<meta name=\"description\" content=\"Wir liefern Sicherheitsprodukte nach Ma\u00df f\u00fcr viele Anwendungen, die mit unterschiedlichen Produktionsverfahren hergestellt werden.\" \/>\n<meta name=\"robots\" content=\"index, follow, max-snippet:-1, max-image-preview:large, max-video-preview:-1\" \/>\n<link rel=\"canonical\" href=\"https:\/\/www.alcochemsteel.nl\/de\/sicherheitsprodukte\/\" \/>\n<meta property=\"og:locale\" content=\"de_DE\" \/>\n<meta property=\"og:type\" content=\"article\" \/>\n<meta property=\"og:title\" content=\"Sicherheitsprodukte - Alcochem Steel\" \/>\n<meta property=\"og:description\" content=\"Wir liefern Sicherheitsprodukte nach Ma\u00df f\u00fcr viele Anwendungen, die mit unterschiedlichen Produktionsverfahren hergestellt werden.\" \/>\n<meta property=\"og:url\" content=\"https:\/\/www.alcochemsteel.nl\/de\/sicherheitsprodukte\/\" \/>\n<meta property=\"og:site_name\" content=\"Alcochem Steel\" \/>\n<meta property=\"article:modified_time\" content=\"2020-09-08T15:25:18+00:00\" \/>\n<meta property=\"og:image\" content=\"https:\/\/www.alcochemsteel.nl\/wp-content\/uploads\/spanband-150x150.jpg\" \/>\n<script type=\"application\/ld+json\" class=\"yoast-schema-graph\">{\"@context\":\"https:\/\/schema.org\",\"@graph\":[{\"@type\":\"WebPage\",\"@id\":\"https:\/\/www.alcochemsteel.nl\/de\/sicherheitsprodukte\/\",\"url\":\"https:\/\/www.alcochemsteel.nl\/de\/sicherheitsprodukte\/\",\"name\":\"Sicherheitsprodukte - Alcochem Steel\",\"isPartOf\":{\"@id\":\"https:\/\/www.alcochemsteel.nl\/#website\"},\"datePublished\":\"2015-03-23T13:00:17+00:00\",\"dateModified\":\"2020-09-08T15:25:18+00:00\",\"description\":\"Wir liefern Sicherheitsprodukte nach Ma\u00df f\u00fcr viele Anwendungen, die mit unterschiedlichen Produktionsverfahren hergestellt werden.\",\"breadcrumb\":{\"@id\":\"https:\/\/www.alcochemsteel.nl\/de\/sicherheitsprodukte\/#breadcrumb\"},\"inLanguage\":\"de\",\"potentialAction\":[{\"@type\":\"ReadAction\",\"target\":[\"https:\/\/www.alcochemsteel.nl\/de\/sicherheitsprodukte\/\"]}]},{\"@type\":\"BreadcrumbList\",\"@id\":\"https:\/\/www.alcochemsteel.nl\/de\/sicherheitsprodukte\/#breadcrumb\",\"itemListElement\":[{\"@type\":\"ListItem\",\"position\":1,\"name\":\"Home\",\"item\":\"https:\/\/www.alcochemsteel.nl\/de\/\"},{\"@type\":\"ListItem\",\"position\":2,\"name\":\"Sicherheitsprodukte\"}]},{\"@type\":\"WebSite\",\"@id\":\"https:\/\/www.alcochemsteel.nl\/#website\",\"url\":\"https:\/\/www.alcochemsteel.nl\/\",\"name\":\"Alcochem Steel\",\"description\":\"\",\"potentialAction\":[{\"@type\":\"SearchAction\",\"target\":{\"@type\":\"EntryPoint\",\"urlTemplate\":\"https:\/\/www.alcochemsteel.nl\/?s={search_term_string}\"},\"query-input\":{\"@type\":\"PropertyValueSpecification\",\"valueRequired\":true,\"valueName\":\"search_term_string\"}}],\"inLanguage\":\"de\"}]}<\/script>\n<!-- \/ Yoast SEO plugin. -->","yoast_head_json":{"title":"Sicherheitsprodukte - Alcochem Steel","description":"Wir liefern Sicherheitsprodukte nach Ma\u00df f\u00fcr viele Anwendungen, die mit unterschiedlichen Produktionsverfahren hergestellt werden.","robots":{"index":"index","follow":"follow","max-snippet":"max-snippet:-1","max-image-preview":"max-image-preview:large","max-video-preview":"max-video-preview:-1"},"canonical":"https:\/\/www.alcochemsteel.nl\/de\/sicherheitsprodukte\/","og_locale":"de_DE","og_type":"article","og_title":"Sicherheitsprodukte - Alcochem Steel","og_description":"Wir liefern Sicherheitsprodukte nach Ma\u00df f\u00fcr viele Anwendungen, die mit unterschiedlichen Produktionsverfahren hergestellt werden.","og_url":"https:\/\/www.alcochemsteel.nl\/de\/sicherheitsprodukte\/","og_site_name":"Alcochem Steel","article_modified_time":"2020-09-08T15:25:18+00:00","og_image":[{"url":"https:\/\/www.alcochemsteel.nl\/wp-content\/uploads\/spanband-150x150.jpg","type":"","width":"","height":""}],"schema":{"@context":"https:\/\/schema.org","@graph":[{"@type":"WebPage","@id":"https:\/\/www.alcochemsteel.nl\/de\/sicherheitsprodukte\/","url":"https:\/\/www.alcochemsteel.nl\/de\/sicherheitsprodukte\/","name":"Sicherheitsprodukte - Alcochem Steel","isPartOf":{"@id":"https:\/\/www.alcochemsteel.nl\/#website"},"datePublished":"2015-03-23T13:00:17+00:00","dateModified":"2020-09-08T15:25:18+00:00","description":"Wir liefern Sicherheitsprodukte nach Ma\u00df f\u00fcr viele Anwendungen, die mit unterschiedlichen Produktionsverfahren hergestellt werden.","breadcrumb":{"@id":"https:\/\/www.alcochemsteel.nl\/de\/sicherheitsprodukte\/#breadcrumb"},"inLanguage":"de","potentialAction":[{"@type":"ReadAction","target":["https:\/\/www.alcochemsteel.nl\/de\/sicherheitsprodukte\/"]}]},{"@type":"BreadcrumbList","@id":"https:\/\/www.alcochemsteel.nl\/de\/sicherheitsprodukte\/#breadcrumb","itemListElement":[{"@type":"ListItem","position":1,"name":"Home","item":"https:\/\/www.alcochemsteel.nl\/de\/"},{"@type":"ListItem","position":2,"name":"Sicherheitsprodukte"}]},{"@type":"WebSite","@id":"https:\/\/www.alcochemsteel.nl\/#website","url":"https:\/\/www.alcochemsteel.nl\/","name":"Alcochem Steel","description":"","potentialAction":[{"@type":"SearchAction","target":{"@type":"EntryPoint","urlTemplate":"https:\/\/www.alcochemsteel.nl\/?s={search_term_string}"},"query-input":{"@type":"PropertyValueSpecification","valueRequired":true,"valueName":"search_term_string"}}],"inLanguage":"de"}]}},"_links":{"self":[{"href":"https:\/\/www.alcochemsteel.nl\/de\/wp-json\/wp\/v2\/pages\/2649"}],"collection":[{"href":"https:\/\/www.alcochemsteel.nl\/de\/wp-json\/wp\/v2\/pages"}],"about":[{"href":"https:\/\/www.alcochemsteel.nl\/de\/wp-json\/wp\/v2\/types\/page"}],"author":[{"embeddable":true,"href":"https:\/\/www.alcochemsteel.nl\/de\/wp-json\/wp\/v2\/users\/2"}],"replies":[{"embeddable":true,"href":"https:\/\/www.alcochemsteel.nl\/de\/wp-json\/wp\/v2\/comments?post=2649"}],"version-history":[{"count":9,"href":"https:\/\/www.alcochemsteel.nl\/de\/wp-json\/wp\/v2\/pages\/2649\/revisions"}],"predecessor-version":[{"id":3466,"href":"https:\/\/www.alcochemsteel.nl\/de\/wp-json\/wp\/v2\/pages\/2649\/revisions\/3466"}],"wp:attachment":[{"href":"https:\/\/www.alcochemsteel.nl\/de\/wp-json\/wp\/v2\/media?parent=2649"}],"curies":[{"name":"wp","href":"https:\/\/api.w.org\/{rel}","templated":true}]}}