{"id":2647,"date":"2015-03-23T13:59:14","date_gmt":"2015-03-23T12:59:14","guid":{"rendered":"http:\/\/www.alcochemsteel.nl\/?page_id=2647"},"modified":"2020-09-08T16:20:47","modified_gmt":"2020-09-08T15:20:47","slug":"schweisbaugruppen","status":"publish","type":"page","link":"https:\/\/www.alcochemsteel.nl\/de\/schweisbaugruppen\/","title":{"rendered":"Schwei\u00dfbaugruppen"},"content":{"rendered":"<p>Wir produzieren und liefern kundenspezifische Schwei\u00dfbaugruppen. Die Produktion reicht von wenigen Teilen bis zu Gro\u00dfserien. Das Schwei\u00dfen kann manuell oder automatisch unter Verwendung von Schwei\u00dfrobotern durchgef\u00fchrt werden.<br \/>\nDie daf\u00fcr eingesetzten Werkstoffe sind Aluminium, Edelstahl und Stahl. Die Teile k\u00f6nnen mit einer thermisch oder elektrolytisch aufgebrachten Zinkschicht oder mit einer Pulverbeschichtung, f\u00fcr eine gute Korrosionsbest\u00e4ndigkeit, versehen werden.<\/p>\n\n\t\t<style type=\"text\/css\">\n\t\t\t#gallery-1 {\n\t\t\t\tmargin: auto;\n\t\t\t}\n\t\t\t#gallery-1 .gallery-item {\n\t\t\t\tfloat: left;\n\t\t\t\tmargin-top: 10px;\n\t\t\t\ttext-align: center;\n\t\t\t\twidth: 25%;\n\t\t\t}\n\t\t\t#gallery-1 img {\n\t\t\t\tborder: 2px solid #cfcfcf;\n\t\t\t}\n\t\t\t#gallery-1 .gallery-caption {\n\t\t\t\tmargin-left: 0;\n\t\t\t}\n\t\t\t\/* see gallery_shortcode() in wp-includes\/media.php *\/\n\t\t<\/style>\n\t\t<div id='gallery-1' class='gallery galleryid-2647 gallery-columns-4 gallery-size-thumbnail'><dl class='gallery-item'>\n\t\t\t<dt class='gallery-icon landscape'>\n\t\t\t\t<a href='https:\/\/www.alcochemsteel.nl\/wp-content\/uploads\/Lassamenstelling.jpg'><img decoding=\"async\" width=\"150\" height=\"150\" src=\"https:\/\/www.alcochemsteel.nl\/wp-content\/uploads\/Lassamenstelling-150x150.jpg\" class=\"attachment-thumbnail size-thumbnail\" alt=\"\" \/><\/a>\n\t\t\t<\/dt><\/dl><dl class='gallery-item'>\n\t\t\t<dt class='gallery-icon landscape'>\n\t\t\t\t<a href='https:\/\/www.alcochemsteel.nl\/wp-content\/uploads\/buigdelen_2.jpg'><img decoding=\"async\" width=\"150\" height=\"150\" src=\"https:\/\/www.alcochemsteel.nl\/wp-content\/uploads\/buigdelen_2-150x150.jpg\" class=\"attachment-thumbnail size-thumbnail\" alt=\"\" \/><\/a>\n\t\t\t<\/dt><\/dl><dl class='gallery-item'>\n\t\t\t<dt class='gallery-icon landscape'>\n\t\t\t\t<a href='https:\/\/www.alcochemsteel.nl\/wp-content\/uploads\/uitlaat.jpg'><img decoding=\"async\" width=\"150\" height=\"150\" src=\"https:\/\/www.alcochemsteel.nl\/wp-content\/uploads\/uitlaat-150x150.jpg\" class=\"attachment-thumbnail size-thumbnail\" alt=\"\" \/><\/a>\n\t\t\t<\/dt><\/dl><dl class='gallery-item'>\n\t\t\t<dt class='gallery-icon landscape'>\n\t\t\t\t<a href='https:\/\/www.alcochemsteel.nl\/wp-content\/uploads\/Winkelrek.jpg'><img loading=\"lazy\" decoding=\"async\" width=\"150\" height=\"150\" src=\"https:\/\/www.alcochemsteel.nl\/wp-content\/uploads\/Winkelrek-150x150.jpg\" class=\"attachment-thumbnail size-thumbnail\" alt=\"\" \/><\/a>\n\t\t\t<\/dt><\/dl><br style=\"clear: both\" \/><dl class='gallery-item'>\n\t\t\t<dt class='gallery-icon landscape'>\n\t\t\t\t<a href='https:\/\/www.alcochemsteel.nl\/wp-content\/uploads\/bullbar.jpg'><img loading=\"lazy\" decoding=\"async\" width=\"150\" height=\"150\" src=\"https:\/\/www.alcochemsteel.nl\/wp-content\/uploads\/bullbar-150x150.jpg\" class=\"attachment-thumbnail size-thumbnail\" alt=\"\" \/><\/a>\n\t\t\t<\/dt><\/dl><dl class='gallery-item'>\n\t\t\t<dt class='gallery-icon landscape'>\n\t\t\t\t<a href='https:\/\/www.alcochemsteel.nl\/wp-content\/uploads\/Sidebar_step.jpg'><img loading=\"lazy\" decoding=\"async\" width=\"150\" height=\"150\" src=\"https:\/\/www.alcochemsteel.nl\/wp-content\/uploads\/Sidebar_step-150x150.jpg\" class=\"attachment-thumbnail size-thumbnail\" alt=\"\" \/><\/a>\n\t\t\t<\/dt><\/dl><dl class='gallery-item'>\n\t\t\t<dt class='gallery-icon landscape'>\n\t\t\t\t<a href='https:\/\/www.alcochemsteel.nl\/wp-content\/uploads\/Sidebar.jpg'><img loading=\"lazy\" decoding=\"async\" width=\"150\" height=\"150\" src=\"https:\/\/www.alcochemsteel.nl\/wp-content\/uploads\/Sidebar-150x150.jpg\" class=\"attachment-thumbnail size-thumbnail\" alt=\"\" \/><\/a>\n\t\t\t<\/dt><\/dl><dl class='gallery-item'>\n\t\t\t<dt class='gallery-icon landscape'>\n\t\t\t\t<a href='https:\/\/www.alcochemsteel.nl\/wp-content\/uploads\/Waterbehandeling.jpg'><img loading=\"lazy\" decoding=\"async\" width=\"150\" height=\"150\" src=\"https:\/\/www.alcochemsteel.nl\/wp-content\/uploads\/Waterbehandeling-150x150.jpg\" class=\"attachment-thumbnail size-thumbnail\" alt=\"\" \/><\/a>\n\t\t\t<\/dt><\/dl><br style=\"clear: both\" \/><dl class='gallery-item'>\n\t\t\t<dt class='gallery-icon landscape'>\n\t\t\t\t<a href='https:\/\/www.alcochemsteel.nl\/wp-content\/uploads\/Expansion_tank.jpg'><img loading=\"lazy\" decoding=\"async\" width=\"150\" height=\"150\" src=\"https:\/\/www.alcochemsteel.nl\/wp-content\/uploads\/Expansion_tank-150x150.jpg\" class=\"attachment-thumbnail size-thumbnail\" alt=\"\" \/><\/a>\n\t\t\t<\/dt><\/dl><dl class='gallery-item'>\n\t\t\t<dt class='gallery-icon landscape'>\n\t\t\t\t<a href='https:\/\/www.alcochemsteel.nl\/wp-content\/uploads\/Watertank_rond.jpg'><img loading=\"lazy\" decoding=\"async\" width=\"150\" height=\"150\" src=\"https:\/\/www.alcochemsteel.nl\/wp-content\/uploads\/Watertank_rond-150x150.jpg\" class=\"attachment-thumbnail size-thumbnail\" alt=\"\" \/><\/a>\n\t\t\t<\/dt><\/dl><dl class='gallery-item'>\n\t\t\t<dt class='gallery-icon landscape'>\n\t\t\t\t<a href='https:\/\/www.alcochemsteel.nl\/wp-content\/uploads\/olietank_rond.jpg'><img loading=\"lazy\" decoding=\"async\" width=\"150\" height=\"150\" src=\"https:\/\/www.alcochemsteel.nl\/wp-content\/uploads\/olietank_rond-150x150.jpg\" class=\"attachment-thumbnail size-thumbnail\" alt=\"\" \/><\/a>\n\t\t\t<\/dt><\/dl><dl class='gallery-item'>\n\t\t\t<dt class='gallery-icon landscape'>\n\t\t\t\t<a href='https:\/\/www.alcochemsteel.nl\/wp-content\/uploads\/watertank.jpg'><img loading=\"lazy\" decoding=\"async\" width=\"150\" height=\"150\" src=\"https:\/\/www.alcochemsteel.nl\/wp-content\/uploads\/watertank-150x150.jpg\" class=\"attachment-thumbnail size-thumbnail\" alt=\"\" \/><\/a>\n\t\t\t<\/dt><\/dl><br style=\"clear: both\" \/><dl class='gallery-item'>\n\t\t\t<dt class='gallery-icon landscape'>\n\t\t\t\t<a href='https:\/\/www.alcochemsteel.nl\/wp-content\/uploads\/Toolbox.jpg'><img loading=\"lazy\" decoding=\"async\" width=\"150\" height=\"150\" src=\"https:\/\/www.alcochemsteel.nl\/wp-content\/uploads\/Toolbox-150x150.jpg\" class=\"attachment-thumbnail size-thumbnail\" alt=\"\" \/><\/a>\n\t\t\t<\/dt><\/dl><dl class='gallery-item'>\n\t\t\t<dt class='gallery-icon landscape'>\n\t\t\t\t<a href='https:\/\/www.alcochemsteel.nl\/wp-content\/uploads\/tractor_beugel.jpg'><img loading=\"lazy\" decoding=\"async\" width=\"150\" height=\"150\" src=\"https:\/\/www.alcochemsteel.nl\/wp-content\/uploads\/tractor_beugel-150x150.jpg\" class=\"attachment-thumbnail size-thumbnail\" alt=\"\" \/><\/a>\n\t\t\t<\/dt><\/dl><dl class='gallery-item'>\n\t\t\t<dt class='gallery-icon landscape'>\n\t\t\t\t<a href='https:\/\/www.alcochemsteel.nl\/wp-content\/uploads\/Toolbox_traanplaat.jpg'><img loading=\"lazy\" decoding=\"async\" width=\"150\" height=\"150\" src=\"https:\/\/www.alcochemsteel.nl\/wp-content\/uploads\/Toolbox_traanplaat-150x150.jpg\" class=\"attachment-thumbnail size-thumbnail\" alt=\"\" \/><\/a>\n\t\t\t<\/dt><\/dl><dl class='gallery-item'>\n\t\t\t<dt class='gallery-icon landscape'>\n\t\t\t\t<a href='https:\/\/www.alcochemsteel.nl\/wp-content\/uploads\/rearstep1.jpg'><img loading=\"lazy\" decoding=\"async\" width=\"150\" height=\"150\" src=\"https:\/\/www.alcochemsteel.nl\/wp-content\/uploads\/rearstep1-150x150.jpg\" class=\"attachment-thumbnail size-thumbnail\" alt=\"\" \/><\/a>\n\t\t\t<\/dt><\/dl><br style=\"clear: both\" \/><dl class='gallery-item'>\n\t\t\t<dt class='gallery-icon landscape'>\n\t\t\t\t<a href='https:\/\/www.alcochemsteel.nl\/wp-content\/uploads\/Lassen_fence2.jpg'><img loading=\"lazy\" decoding=\"async\" width=\"150\" height=\"150\" src=\"https:\/\/www.alcochemsteel.nl\/wp-content\/uploads\/Lassen_fence2-150x150.jpg\" class=\"attachment-thumbnail size-thumbnail\" alt=\"\" \/><\/a>\n\t\t\t<\/dt><\/dl>\n\t\t\t<br style='clear: both' \/>\n\t\t<\/div>\n\n","protected":false},"excerpt":{"rendered":"<p>Wir produzieren und liefern kundenspezifische Schwei\u00dfbaugruppen. Die Produktion reicht von wenigen Teilen bis zu Gro\u00dfserien. Das Schwei\u00dfen kann manuell oder automatisch unter Verwendung von Schwei\u00dfrobotern durchgef\u00fchrt werden. Die daf\u00fcr eingesetzten Werkstoffe sind Aluminium, Edelstahl und Stahl. Die Teile k\u00f6nnen mit einer thermisch oder elektrolytisch aufgebrachten Zinkschicht oder mit einer Pulverbeschichtung, f\u00fcr eine gute Korrosionsbest\u00e4ndigkeit, versehen [&hellip;]<\/p>\n","protected":false},"author":2,"featured_media":0,"parent":0,"menu_order":0,"comment_status":"open","ping_status":"open","template":"","meta":{"footnotes":""},"yoast_head":"<!-- This site is optimized with the Yoast SEO plugin v24.5 - https:\/\/yoast.com\/wordpress\/plugins\/seo\/ -->\n<title>Schwei\u00dfbaugruppen - Alcochem Steel<\/title>\n<meta name=\"description\" content=\"Wir produzieren und liefern kundenspezifische Schwei\u00dfbaugruppen. Seitenleisten, Z\u00e4une und Abfallbeh\u00e4lter. Werkstoffe sind Aluminium, Edelstahl und Stahl.\" \/>\n<meta name=\"robots\" content=\"index, follow, max-snippet:-1, max-image-preview:large, max-video-preview:-1\" \/>\n<link rel=\"canonical\" href=\"https:\/\/www.alcochemsteel.nl\/de\/schweisbaugruppen\/\" \/>\n<meta property=\"og:locale\" content=\"de_DE\" \/>\n<meta property=\"og:type\" content=\"article\" \/>\n<meta property=\"og:title\" content=\"Schwei\u00dfbaugruppen - Alcochem Steel\" \/>\n<meta property=\"og:description\" content=\"Wir produzieren und liefern kundenspezifische Schwei\u00dfbaugruppen. Seitenleisten, Z\u00e4une und Abfallbeh\u00e4lter. Werkstoffe sind Aluminium, Edelstahl und Stahl.\" \/>\n<meta property=\"og:url\" content=\"https:\/\/www.alcochemsteel.nl\/de\/schweisbaugruppen\/\" \/>\n<meta property=\"og:site_name\" content=\"Alcochem Steel\" \/>\n<meta property=\"article:modified_time\" content=\"2020-09-08T15:20:47+00:00\" \/>\n<meta property=\"og:image\" content=\"https:\/\/www.alcochemsteel.nl\/wp-content\/uploads\/Lassamenstelling-150x150.jpg\" \/>\n<script type=\"application\/ld+json\" class=\"yoast-schema-graph\">{\"@context\":\"https:\/\/schema.org\",\"@graph\":[{\"@type\":\"WebPage\",\"@id\":\"https:\/\/www.alcochemsteel.nl\/de\/schweisbaugruppen\/\",\"url\":\"https:\/\/www.alcochemsteel.nl\/de\/schweisbaugruppen\/\",\"name\":\"Schwei\u00dfbaugruppen - Alcochem Steel\",\"isPartOf\":{\"@id\":\"https:\/\/www.alcochemsteel.nl\/#website\"},\"datePublished\":\"2015-03-23T12:59:14+00:00\",\"dateModified\":\"2020-09-08T15:20:47+00:00\",\"description\":\"Wir produzieren und liefern kundenspezifische Schwei\u00dfbaugruppen. Seitenleisten, Z\u00e4une und Abfallbeh\u00e4lter. Werkstoffe sind Aluminium, Edelstahl und Stahl.\",\"breadcrumb\":{\"@id\":\"https:\/\/www.alcochemsteel.nl\/de\/schweisbaugruppen\/#breadcrumb\"},\"inLanguage\":\"de\",\"potentialAction\":[{\"@type\":\"ReadAction\",\"target\":[\"https:\/\/www.alcochemsteel.nl\/de\/schweisbaugruppen\/\"]}]},{\"@type\":\"BreadcrumbList\",\"@id\":\"https:\/\/www.alcochemsteel.nl\/de\/schweisbaugruppen\/#breadcrumb\",\"itemListElement\":[{\"@type\":\"ListItem\",\"position\":1,\"name\":\"Home\",\"item\":\"https:\/\/www.alcochemsteel.nl\/de\/\"},{\"@type\":\"ListItem\",\"position\":2,\"name\":\"Schwei\u00dfbaugruppen\"}]},{\"@type\":\"WebSite\",\"@id\":\"https:\/\/www.alcochemsteel.nl\/#website\",\"url\":\"https:\/\/www.alcochemsteel.nl\/\",\"name\":\"Alcochem Steel\",\"description\":\"\",\"potentialAction\":[{\"@type\":\"SearchAction\",\"target\":{\"@type\":\"EntryPoint\",\"urlTemplate\":\"https:\/\/www.alcochemsteel.nl\/?s={search_term_string}\"},\"query-input\":{\"@type\":\"PropertyValueSpecification\",\"valueRequired\":true,\"valueName\":\"search_term_string\"}}],\"inLanguage\":\"de\"}]}<\/script>\n<!-- \/ Yoast SEO plugin. -->","yoast_head_json":{"title":"Schwei\u00dfbaugruppen - Alcochem Steel","description":"Wir produzieren und liefern kundenspezifische Schwei\u00dfbaugruppen. Seitenleisten, Z\u00e4une und Abfallbeh\u00e4lter. Werkstoffe sind Aluminium, Edelstahl und Stahl.","robots":{"index":"index","follow":"follow","max-snippet":"max-snippet:-1","max-image-preview":"max-image-preview:large","max-video-preview":"max-video-preview:-1"},"canonical":"https:\/\/www.alcochemsteel.nl\/de\/schweisbaugruppen\/","og_locale":"de_DE","og_type":"article","og_title":"Schwei\u00dfbaugruppen - Alcochem Steel","og_description":"Wir produzieren und liefern kundenspezifische Schwei\u00dfbaugruppen. Seitenleisten, Z\u00e4une und Abfallbeh\u00e4lter. Werkstoffe sind Aluminium, Edelstahl und Stahl.","og_url":"https:\/\/www.alcochemsteel.nl\/de\/schweisbaugruppen\/","og_site_name":"Alcochem Steel","article_modified_time":"2020-09-08T15:20:47+00:00","og_image":[{"url":"https:\/\/www.alcochemsteel.nl\/wp-content\/uploads\/Lassamenstelling-150x150.jpg","type":"","width":"","height":""}],"schema":{"@context":"https:\/\/schema.org","@graph":[{"@type":"WebPage","@id":"https:\/\/www.alcochemsteel.nl\/de\/schweisbaugruppen\/","url":"https:\/\/www.alcochemsteel.nl\/de\/schweisbaugruppen\/","name":"Schwei\u00dfbaugruppen - Alcochem Steel","isPartOf":{"@id":"https:\/\/www.alcochemsteel.nl\/#website"},"datePublished":"2015-03-23T12:59:14+00:00","dateModified":"2020-09-08T15:20:47+00:00","description":"Wir produzieren und liefern kundenspezifische Schwei\u00dfbaugruppen. Seitenleisten, Z\u00e4une und Abfallbeh\u00e4lter. Werkstoffe sind Aluminium, Edelstahl und Stahl.","breadcrumb":{"@id":"https:\/\/www.alcochemsteel.nl\/de\/schweisbaugruppen\/#breadcrumb"},"inLanguage":"de","potentialAction":[{"@type":"ReadAction","target":["https:\/\/www.alcochemsteel.nl\/de\/schweisbaugruppen\/"]}]},{"@type":"BreadcrumbList","@id":"https:\/\/www.alcochemsteel.nl\/de\/schweisbaugruppen\/#breadcrumb","itemListElement":[{"@type":"ListItem","position":1,"name":"Home","item":"https:\/\/www.alcochemsteel.nl\/de\/"},{"@type":"ListItem","position":2,"name":"Schwei\u00dfbaugruppen"}]},{"@type":"WebSite","@id":"https:\/\/www.alcochemsteel.nl\/#website","url":"https:\/\/www.alcochemsteel.nl\/","name":"Alcochem Steel","description":"","potentialAction":[{"@type":"SearchAction","target":{"@type":"EntryPoint","urlTemplate":"https:\/\/www.alcochemsteel.nl\/?s={search_term_string}"},"query-input":{"@type":"PropertyValueSpecification","valueRequired":true,"valueName":"search_term_string"}}],"inLanguage":"de"}]}},"_links":{"self":[{"href":"https:\/\/www.alcochemsteel.nl\/de\/wp-json\/wp\/v2\/pages\/2647"}],"collection":[{"href":"https:\/\/www.alcochemsteel.nl\/de\/wp-json\/wp\/v2\/pages"}],"about":[{"href":"https:\/\/www.alcochemsteel.nl\/de\/wp-json\/wp\/v2\/types\/page"}],"author":[{"embeddable":true,"href":"https:\/\/www.alcochemsteel.nl\/de\/wp-json\/wp\/v2\/users\/2"}],"replies":[{"embeddable":true,"href":"https:\/\/www.alcochemsteel.nl\/de\/wp-json\/wp\/v2\/comments?post=2647"}],"version-history":[{"count":5,"href":"https:\/\/www.alcochemsteel.nl\/de\/wp-json\/wp\/v2\/pages\/2647\/revisions"}],"predecessor-version":[{"id":3460,"href":"https:\/\/www.alcochemsteel.nl\/de\/wp-json\/wp\/v2\/pages\/2647\/revisions\/3460"}],"wp:attachment":[{"href":"https:\/\/www.alcochemsteel.nl\/de\/wp-json\/wp\/v2\/media?parent=2647"}],"curies":[{"name":"wp","href":"https:\/\/api.w.org\/{rel}","templated":true}]}}