{"id":2645,"date":"2015-03-23T13:57:58","date_gmt":"2015-03-23T12:57:58","guid":{"rendered":"http:\/\/www.alcochemsteel.nl\/?page_id=2645"},"modified":"2020-09-08T16:14:36","modified_gmt":"2020-09-08T15:14:36","slug":"wachsguss","status":"publish","type":"page","link":"https:\/\/www.alcochemsteel.nl\/de\/wachsguss\/","title":{"rendered":"Wachsguss"},"content":{"rendered":"<p>Das Wachsgie\u00dfen ist eine arbeitsintensive Technik, die wir f\u00fcr die Herstellung von Stahl- und Edelstahlprodukten einsetzen, bei denen die Ma\u00dfhaltigkeit sehr wichtig ist.<\/p>\n<h2>Der Prozess<\/h2>\n<p>Mit dem Wachsgussverfahren k\u00f6nnen sehr pr\u00e4zise Produkte bei relativ niedrigen Investitionskosten f\u00fcr das Gie\u00dfwerkzeug hergestellt werden. Bevor die Produktion beginnen kann, muss zun\u00e4chst ein pr\u00e4zises Gie\u00dfwerkzeug hergestellt werden. Wachs wird unter hohem Druck in diese Form eingespritzt, sodass ein detailliertes Wachsmodell entsteht. F\u00fcr 100 Fertigteile werden daher auch 100 Wachsmodelle ben\u00f6tigt. Diese Wachsmodelle werden dann an einem Gie\u00dfbaum befestigt. Dann wird in einem bzw. in mehreren Schritten eine dicke Keramikschicht auf die Modelle aufgetragen.<br \/>\nNachdem das Wachs unter hohen Temperaturen wieder fl\u00fcssig gemacht worden ist, und aus der Keramikh\u00fclle ausgelaufen ist, dient diese Keramikh\u00fclle als Gussform. Das Wachs kann wiederverwendet werden.<br \/>\nDie Keramikform wird dann mit fl\u00fcssigem Metall bef\u00fcllt. Nachdem das Metall abgek\u00fchlt und ausgeh\u00e4rtet ist, wird die Keramikhaut vom Produkt entfernt. Als letzten Schritt werden die Verbindungen zum Gie\u00dfbaum durch Schleifen getrennt.<\/p>\n\n\t\t<style type=\"text\/css\">\n\t\t\t#gallery-1 {\n\t\t\t\tmargin: auto;\n\t\t\t}\n\t\t\t#gallery-1 .gallery-item {\n\t\t\t\tfloat: left;\n\t\t\t\tmargin-top: 10px;\n\t\t\t\ttext-align: center;\n\t\t\t\twidth: 25%;\n\t\t\t}\n\t\t\t#gallery-1 img {\n\t\t\t\tborder: 2px solid #cfcfcf;\n\t\t\t}\n\t\t\t#gallery-1 .gallery-caption {\n\t\t\t\tmargin-left: 0;\n\t\t\t}\n\t\t\t\/* see gallery_shortcode() in wp-includes\/media.php *\/\n\t\t<\/style>\n\t\t<div id='gallery-1' class='gallery galleryid-2645 gallery-columns-4 gallery-size-thumbnail'><dl class='gallery-item'>\n\t\t\t<dt class='gallery-icon landscape'>\n\t\t\t\t<a href='https:\/\/www.alcochemsteel.nl\/wp-content\/uploads\/lost_wax.jpg'><img decoding=\"async\" width=\"150\" height=\"150\" src=\"https:\/\/www.alcochemsteel.nl\/wp-content\/uploads\/lost_wax-150x150.jpg\" class=\"attachment-thumbnail size-thumbnail\" alt=\"\" \/><\/a>\n\t\t\t<\/dt><\/dl><dl class='gallery-item'>\n\t\t\t<dt class='gallery-icon landscape'>\n\t\t\t\t<a href='https:\/\/www.alcochemsteel.nl\/wp-content\/uploads\/Lost_wax_round.jpg'><img decoding=\"async\" width=\"150\" height=\"150\" src=\"https:\/\/www.alcochemsteel.nl\/wp-content\/uploads\/Lost_wax_round-150x150.jpg\" class=\"attachment-thumbnail size-thumbnail\" alt=\"\" \/><\/a>\n\t\t\t<\/dt><\/dl><dl class='gallery-item'>\n\t\t\t<dt class='gallery-icon landscape'>\n\t\t\t\t<a href='https:\/\/www.alcochemsteel.nl\/wp-content\/uploads\/lost_wax_special.jpg'><img decoding=\"async\" width=\"150\" height=\"150\" src=\"https:\/\/www.alcochemsteel.nl\/wp-content\/uploads\/lost_wax_special-150x150.jpg\" class=\"attachment-thumbnail size-thumbnail\" alt=\"\" \/><\/a>\n\t\t\t<\/dt><\/dl><dl class='gallery-item'>\n\t\t\t<dt class='gallery-icon landscape'>\n\t\t\t\t<a href='https:\/\/www.alcochemsteel.nl\/wp-content\/uploads\/lostwax.jpg'><img loading=\"lazy\" decoding=\"async\" width=\"150\" height=\"150\" src=\"https:\/\/www.alcochemsteel.nl\/wp-content\/uploads\/lostwax-150x150.jpg\" class=\"attachment-thumbnail size-thumbnail\" alt=\"\" \/><\/a>\n\t\t\t<\/dt><\/dl><br style=\"clear: both\" \/><dl class='gallery-item'>\n\t\t\t<dt class='gallery-icon landscape'>\n\t\t\t\t<a href='https:\/\/www.alcochemsteel.nl\/wp-content\/uploads\/verloren_was1.jpg'><img loading=\"lazy\" decoding=\"async\" width=\"150\" height=\"150\" src=\"https:\/\/www.alcochemsteel.nl\/wp-content\/uploads\/verloren_was1-150x150.jpg\" class=\"attachment-thumbnail size-thumbnail\" alt=\"\" \/><\/a>\n\t\t\t<\/dt><\/dl><dl class='gallery-item'>\n\t\t\t<dt class='gallery-icon landscape'>\n\t\t\t\t<a href='https:\/\/www.alcochemsteel.nl\/wp-content\/uploads\/verloren_was_automotive.jpg'><img loading=\"lazy\" decoding=\"async\" width=\"150\" height=\"150\" src=\"https:\/\/www.alcochemsteel.nl\/wp-content\/uploads\/verloren_was_automotive-150x150.jpg\" class=\"attachment-thumbnail size-thumbnail\" alt=\"\" \/><\/a>\n\t\t\t<\/dt><\/dl><dl class='gallery-item'>\n\t\t\t<dt class='gallery-icon landscape'>\n\t\t\t\t<a href='https:\/\/www.alcochemsteel.nl\/wp-content\/uploads\/verloren_was_delen1.jpg'><img loading=\"lazy\" decoding=\"async\" width=\"150\" height=\"150\" src=\"https:\/\/www.alcochemsteel.nl\/wp-content\/uploads\/verloren_was_delen1-150x150.jpg\" class=\"attachment-thumbnail size-thumbnail\" alt=\"\" \/><\/a>\n\t\t\t<\/dt><\/dl><dl class='gallery-item'>\n\t\t\t<dt class='gallery-icon landscape'>\n\t\t\t\t<a href='https:\/\/www.alcochemsteel.nl\/wp-content\/uploads\/verloren_was_ovaal.jpg'><img loading=\"lazy\" decoding=\"async\" width=\"150\" height=\"150\" src=\"https:\/\/www.alcochemsteel.nl\/wp-content\/uploads\/verloren_was_ovaal-150x150.jpg\" class=\"attachment-thumbnail size-thumbnail\" alt=\"\" \/><\/a>\n\t\t\t<\/dt><\/dl><br style=\"clear: both\" \/><dl class='gallery-item'>\n\t\t\t<dt class='gallery-icon landscape'>\n\t\t\t\t<a href='https:\/\/www.alcochemsteel.nl\/wp-content\/uploads\/verloren_was_rond.jpg'><img loading=\"lazy\" decoding=\"async\" width=\"150\" height=\"150\" src=\"https:\/\/www.alcochemsteel.nl\/wp-content\/uploads\/verloren_was_rond-150x150.jpg\" class=\"attachment-thumbnail size-thumbnail\" alt=\"\" \/><\/a>\n\t\t\t<\/dt><\/dl><dl class='gallery-item'>\n\t\t\t<dt class='gallery-icon landscape'>\n\t\t\t\t<a href='https:\/\/www.alcochemsteel.nl\/wp-content\/uploads\/verloren_was_truck.jpg'><img loading=\"lazy\" decoding=\"async\" width=\"150\" height=\"150\" src=\"https:\/\/www.alcochemsteel.nl\/wp-content\/uploads\/verloren_was_truck-150x150.jpg\" class=\"attachment-thumbnail size-thumbnail\" alt=\"\" \/><\/a>\n\t\t\t<\/dt><\/dl><dl class='gallery-item'>\n\t\t\t<dt class='gallery-icon landscape'>\n\t\t\t\t<a href='https:\/\/www.alcochemsteel.nl\/wp-content\/uploads\/verloren_was_veiligheid.jpg'><img loading=\"lazy\" decoding=\"async\" width=\"150\" height=\"150\" src=\"https:\/\/www.alcochemsteel.nl\/wp-content\/uploads\/verloren_was_veiligheid-150x150.jpg\" class=\"attachment-thumbnail size-thumbnail\" alt=\"\" \/><\/a>\n\t\t\t<\/dt><\/dl><dl class='gallery-item'>\n\t\t\t<dt class='gallery-icon landscape'>\n\t\t\t\t<a href='https:\/\/www.alcochemsteel.nl\/wp-content\/uploads\/verlorenwas1.jpg'><img loading=\"lazy\" decoding=\"async\" width=\"150\" height=\"150\" src=\"https:\/\/www.alcochemsteel.nl\/wp-content\/uploads\/verlorenwas1-150x150.jpg\" class=\"attachment-thumbnail size-thumbnail\" alt=\"\" \/><\/a>\n\t\t\t<\/dt><\/dl><br style=\"clear: both\" \/><dl class='gallery-item'>\n\t\t\t<dt class='gallery-icon landscape'>\n\t\t\t\t<a href='https:\/\/www.alcochemsteel.nl\/wp-content\/uploads\/verlorenwasdeel-e1434701925860.jpg'><img loading=\"lazy\" decoding=\"async\" width=\"150\" height=\"150\" src=\"https:\/\/www.alcochemsteel.nl\/wp-content\/uploads\/verlorenwasdeel-150x150.jpg\" class=\"attachment-thumbnail size-thumbnail\" alt=\"\" \/><\/a>\n\t\t\t<\/dt><\/dl>\n\t\t\t<br style='clear: both' \/>\n\t\t<\/div>\n\n","protected":false},"excerpt":{"rendered":"<p>Das Wachsgie\u00dfen ist eine arbeitsintensive Technik, die wir f\u00fcr die Herstellung von Stahl- und Edelstahlprodukten einsetzen, bei denen die Ma\u00dfhaltigkeit sehr wichtig ist. Der Prozess Mit dem Wachsgussverfahren k\u00f6nnen sehr pr\u00e4zise Produkte bei relativ niedrigen Investitionskosten f\u00fcr das Gie\u00dfwerkzeug hergestellt werden. Bevor die Produktion beginnen kann, muss zun\u00e4chst ein pr\u00e4zises Gie\u00dfwerkzeug hergestellt werden. Wachs wird [&hellip;]<\/p>\n","protected":false},"author":2,"featured_media":0,"parent":0,"menu_order":0,"comment_status":"open","ping_status":"open","template":"","meta":{"footnotes":""},"yoast_head":"<!-- This site is optimized with the Yoast SEO plugin v24.5 - https:\/\/yoast.com\/wordpress\/plugins\/seo\/ -->\n<title>Wachsguss - Alcochem Steel<\/title>\n<meta name=\"description\" content=\"Das Wachsgie\u00dfen ist eine arbeitsintensive Technik, die wir von Stahl- und Edelstahlprodukten einsetzen, bei denen die Ma\u00dfhaltigkeit sehr wichtig ist.\" \/>\n<meta name=\"robots\" content=\"index, follow, max-snippet:-1, max-image-preview:large, max-video-preview:-1\" \/>\n<link rel=\"canonical\" href=\"https:\/\/www.alcochemsteel.nl\/de\/wachsguss\/\" \/>\n<meta property=\"og:locale\" content=\"de_DE\" \/>\n<meta property=\"og:type\" content=\"article\" \/>\n<meta property=\"og:title\" content=\"Wachsguss - Alcochem Steel\" \/>\n<meta property=\"og:description\" content=\"Das Wachsgie\u00dfen ist eine arbeitsintensive Technik, die wir von Stahl- und Edelstahlprodukten einsetzen, bei denen die Ma\u00dfhaltigkeit sehr wichtig ist.\" \/>\n<meta property=\"og:url\" content=\"https:\/\/www.alcochemsteel.nl\/de\/wachsguss\/\" \/>\n<meta property=\"og:site_name\" content=\"Alcochem Steel\" \/>\n<meta property=\"article:modified_time\" content=\"2020-09-08T15:14:36+00:00\" \/>\n<meta property=\"og:image\" content=\"https:\/\/www.alcochemsteel.nl\/wp-content\/uploads\/lost_wax-150x150.jpg\" \/>\n<meta name=\"twitter:label1\" content=\"Gesch\u00e4tzte Lesezeit\" \/>\n\t<meta name=\"twitter:data1\" content=\"1\u00a0Minute\" \/>\n<script type=\"application\/ld+json\" class=\"yoast-schema-graph\">{\"@context\":\"https:\/\/schema.org\",\"@graph\":[{\"@type\":\"WebPage\",\"@id\":\"https:\/\/www.alcochemsteel.nl\/de\/wachsguss\/\",\"url\":\"https:\/\/www.alcochemsteel.nl\/de\/wachsguss\/\",\"name\":\"Wachsguss - Alcochem Steel\",\"isPartOf\":{\"@id\":\"https:\/\/www.alcochemsteel.nl\/#website\"},\"datePublished\":\"2015-03-23T12:57:58+00:00\",\"dateModified\":\"2020-09-08T15:14:36+00:00\",\"description\":\"Das Wachsgie\u00dfen ist eine arbeitsintensive Technik, die wir von Stahl- und Edelstahlprodukten einsetzen, bei denen die Ma\u00dfhaltigkeit sehr wichtig ist.\",\"breadcrumb\":{\"@id\":\"https:\/\/www.alcochemsteel.nl\/de\/wachsguss\/#breadcrumb\"},\"inLanguage\":\"de\",\"potentialAction\":[{\"@type\":\"ReadAction\",\"target\":[\"https:\/\/www.alcochemsteel.nl\/de\/wachsguss\/\"]}]},{\"@type\":\"BreadcrumbList\",\"@id\":\"https:\/\/www.alcochemsteel.nl\/de\/wachsguss\/#breadcrumb\",\"itemListElement\":[{\"@type\":\"ListItem\",\"position\":1,\"name\":\"Home\",\"item\":\"https:\/\/www.alcochemsteel.nl\/de\/\"},{\"@type\":\"ListItem\",\"position\":2,\"name\":\"Wachsguss\"}]},{\"@type\":\"WebSite\",\"@id\":\"https:\/\/www.alcochemsteel.nl\/#website\",\"url\":\"https:\/\/www.alcochemsteel.nl\/\",\"name\":\"Alcochem Steel\",\"description\":\"\",\"potentialAction\":[{\"@type\":\"SearchAction\",\"target\":{\"@type\":\"EntryPoint\",\"urlTemplate\":\"https:\/\/www.alcochemsteel.nl\/?s={search_term_string}\"},\"query-input\":{\"@type\":\"PropertyValueSpecification\",\"valueRequired\":true,\"valueName\":\"search_term_string\"}}],\"inLanguage\":\"de\"}]}<\/script>\n<!-- \/ Yoast SEO plugin. -->","yoast_head_json":{"title":"Wachsguss - Alcochem Steel","description":"Das Wachsgie\u00dfen ist eine arbeitsintensive Technik, die wir von Stahl- und Edelstahlprodukten einsetzen, bei denen die Ma\u00dfhaltigkeit sehr wichtig ist.","robots":{"index":"index","follow":"follow","max-snippet":"max-snippet:-1","max-image-preview":"max-image-preview:large","max-video-preview":"max-video-preview:-1"},"canonical":"https:\/\/www.alcochemsteel.nl\/de\/wachsguss\/","og_locale":"de_DE","og_type":"article","og_title":"Wachsguss - Alcochem Steel","og_description":"Das Wachsgie\u00dfen ist eine arbeitsintensive Technik, die wir von Stahl- und Edelstahlprodukten einsetzen, bei denen die Ma\u00dfhaltigkeit sehr wichtig ist.","og_url":"https:\/\/www.alcochemsteel.nl\/de\/wachsguss\/","og_site_name":"Alcochem Steel","article_modified_time":"2020-09-08T15:14:36+00:00","og_image":[{"url":"https:\/\/www.alcochemsteel.nl\/wp-content\/uploads\/lost_wax-150x150.jpg","type":"","width":"","height":""}],"twitter_misc":{"Gesch\u00e4tzte Lesezeit":"1\u00a0Minute"},"schema":{"@context":"https:\/\/schema.org","@graph":[{"@type":"WebPage","@id":"https:\/\/www.alcochemsteel.nl\/de\/wachsguss\/","url":"https:\/\/www.alcochemsteel.nl\/de\/wachsguss\/","name":"Wachsguss - Alcochem Steel","isPartOf":{"@id":"https:\/\/www.alcochemsteel.nl\/#website"},"datePublished":"2015-03-23T12:57:58+00:00","dateModified":"2020-09-08T15:14:36+00:00","description":"Das Wachsgie\u00dfen ist eine arbeitsintensive Technik, die wir von Stahl- und Edelstahlprodukten einsetzen, bei denen die Ma\u00dfhaltigkeit sehr wichtig ist.","breadcrumb":{"@id":"https:\/\/www.alcochemsteel.nl\/de\/wachsguss\/#breadcrumb"},"inLanguage":"de","potentialAction":[{"@type":"ReadAction","target":["https:\/\/www.alcochemsteel.nl\/de\/wachsguss\/"]}]},{"@type":"BreadcrumbList","@id":"https:\/\/www.alcochemsteel.nl\/de\/wachsguss\/#breadcrumb","itemListElement":[{"@type":"ListItem","position":1,"name":"Home","item":"https:\/\/www.alcochemsteel.nl\/de\/"},{"@type":"ListItem","position":2,"name":"Wachsguss"}]},{"@type":"WebSite","@id":"https:\/\/www.alcochemsteel.nl\/#website","url":"https:\/\/www.alcochemsteel.nl\/","name":"Alcochem Steel","description":"","potentialAction":[{"@type":"SearchAction","target":{"@type":"EntryPoint","urlTemplate":"https:\/\/www.alcochemsteel.nl\/?s={search_term_string}"},"query-input":{"@type":"PropertyValueSpecification","valueRequired":true,"valueName":"search_term_string"}}],"inLanguage":"de"}]}},"_links":{"self":[{"href":"https:\/\/www.alcochemsteel.nl\/de\/wp-json\/wp\/v2\/pages\/2645"}],"collection":[{"href":"https:\/\/www.alcochemsteel.nl\/de\/wp-json\/wp\/v2\/pages"}],"about":[{"href":"https:\/\/www.alcochemsteel.nl\/de\/wp-json\/wp\/v2\/types\/page"}],"author":[{"embeddable":true,"href":"https:\/\/www.alcochemsteel.nl\/de\/wp-json\/wp\/v2\/users\/2"}],"replies":[{"embeddable":true,"href":"https:\/\/www.alcochemsteel.nl\/de\/wp-json\/wp\/v2\/comments?post=2645"}],"version-history":[{"count":4,"href":"https:\/\/www.alcochemsteel.nl\/de\/wp-json\/wp\/v2\/pages\/2645\/revisions"}],"predecessor-version":[{"id":2808,"href":"https:\/\/www.alcochemsteel.nl\/de\/wp-json\/wp\/v2\/pages\/2645\/revisions\/2808"}],"wp:attachment":[{"href":"https:\/\/www.alcochemsteel.nl\/de\/wp-json\/wp\/v2\/media?parent=2645"}],"curies":[{"name":"wp","href":"https:\/\/api.w.org\/{rel}","templated":true}]}}