{"id":2641,"date":"2015-03-23T13:56:13","date_gmt":"2015-03-23T12:56:13","guid":{"rendered":"http:\/\/www.alcochemsteel.nl\/?page_id=2641"},"modified":"2017-01-10T16:29:27","modified_gmt":"2017-01-10T15:29:27","slug":"druckguss","status":"publish","type":"page","link":"https:\/\/www.alcochemsteel.nl\/de\/druckguss\/","title":{"rendered":"Druckguss"},"content":{"rendered":"<p>Wir sind u.a. auf Druckguss spezialisiert, ein Verfahren mit dem Metall unter hohem Druck in eine Form gespritzt und das Fertigteil geformt wird.<\/p>\n<h2>Der Prozess<\/h2>\n<p>Der komplett automatisierte Prozess beginnt beim Gie\u00dfwerkzeug. In der Form aus Werkzeugstahl k\u00f6nnen Gussst\u00fccke aus Werkstoffen mit niedrigerem Schmelzpunkt als Stahl hergestellt werden, zum Beispiel aus Aluminium- oder Zamaklegierungen. W\u00e4hrend des Produktionsprozesses werden die Formh\u00e4lften von der Druckgie\u00dfmaschine zusammengedr\u00fcckt. Ein anderer Teil der Maschine spritzt dann unter hohem Druck das fl\u00fcssige Metall in die Form ein. Nach dem F\u00fcllen der Form wird diese wieder abgek\u00fchlt. Dadurch bekommt das Metall wieder eine feste Form und das Produkt kann aus der Maschine entnommen werden.<br \/>\nWir unterscheiden uns u.a. dadurch, dass wir die Gussteile mit einer Pulverbeschichtung mit sehr hohen visuellen Anspr\u00fcchen versehen. Das ist ein Verfahren, das nur wenige Lieferanten in der Qualit\u00e4t beherrschen, wie sie die Autoindustrie von uns verlangt. Wir stellen diese Teile daher auch u.a. f\u00fcr die Innenausstattung unterschiedlicher Lkws her.<\/p>\n\n\t\t<style type=\"text\/css\">\n\t\t\t#gallery-1 {\n\t\t\t\tmargin: auto;\n\t\t\t}\n\t\t\t#gallery-1 .gallery-item {\n\t\t\t\tfloat: left;\n\t\t\t\tmargin-top: 10px;\n\t\t\t\ttext-align: center;\n\t\t\t\twidth: 33%;\n\t\t\t}\n\t\t\t#gallery-1 img {\n\t\t\t\tborder: 2px solid #cfcfcf;\n\t\t\t}\n\t\t\t#gallery-1 .gallery-caption {\n\t\t\t\tmargin-left: 0;\n\t\t\t}\n\t\t\t\/* see gallery_shortcode() in wp-includes\/media.php *\/\n\t\t<\/style>\n\t\t<div id='gallery-1' class='gallery galleryid-2641 gallery-columns-3 gallery-size-thumbnail'><dl class='gallery-item'>\n\t\t\t<dt class='gallery-icon landscape'>\n\t\t\t\t<a href='https:\/\/www.alcochemsteel.nl\/wp-content\/uploads\/IMG_8290.jpg'><img decoding=\"async\" width=\"150\" height=\"150\" src=\"https:\/\/www.alcochemsteel.nl\/wp-content\/uploads\/IMG_8290-150x150.jpg\" class=\"attachment-thumbnail size-thumbnail\" alt=\"\" \/><\/a>\n\t\t\t<\/dt><\/dl><dl class='gallery-item'>\n\t\t\t<dt class='gallery-icon landscape'>\n\t\t\t\t<a href='https:\/\/www.alcochemsteel.nl\/wp-content\/uploads\/IMG_2651.jpg'><img decoding=\"async\" width=\"150\" height=\"150\" src=\"https:\/\/www.alcochemsteel.nl\/wp-content\/uploads\/IMG_2651-150x150.jpg\" class=\"attachment-thumbnail size-thumbnail\" alt=\"\" \/><\/a>\n\t\t\t<\/dt><\/dl><dl class='gallery-item'>\n\t\t\t<dt class='gallery-icon landscape'>\n\t\t\t\t<a href='https:\/\/www.alcochemsteel.nl\/wp-content\/uploads\/DSC_0116.jpg'><img decoding=\"async\" width=\"150\" height=\"150\" src=\"https:\/\/www.alcochemsteel.nl\/wp-content\/uploads\/DSC_0116-150x150.jpg\" class=\"attachment-thumbnail size-thumbnail\" alt=\"\" \/><\/a>\n\t\t\t<\/dt><\/dl><br style=\"clear: both\" \/><dl class='gallery-item'>\n\t\t\t<dt class='gallery-icon landscape'>\n\t\t\t\t<a href='https:\/\/www.alcochemsteel.nl\/wp-content\/uploads\/DSC_0078.jpg'><img loading=\"lazy\" decoding=\"async\" width=\"150\" height=\"150\" src=\"https:\/\/www.alcochemsteel.nl\/wp-content\/uploads\/DSC_0078-150x150.jpg\" class=\"attachment-thumbnail size-thumbnail\" alt=\"\" \/><\/a>\n\t\t\t<\/dt><\/dl><dl class='gallery-item'>\n\t\t\t<dt class='gallery-icon landscape'>\n\t\t\t\t<a href='https:\/\/www.alcochemsteel.nl\/wp-content\/uploads\/aluminium_spuitgietwerk_21.jpg'><img loading=\"lazy\" decoding=\"async\" width=\"150\" height=\"150\" src=\"https:\/\/www.alcochemsteel.nl\/wp-content\/uploads\/aluminium_spuitgietwerk_21-150x150.jpg\" class=\"attachment-thumbnail size-thumbnail\" alt=\"\" \/><\/a>\n\t\t\t<\/dt><\/dl><dl class='gallery-item'>\n\t\t\t<dt class='gallery-icon landscape'>\n\t\t\t\t<a href='https:\/\/www.alcochemsteel.nl\/wp-content\/uploads\/aluminium_spuitgietwerk1.jpg'><img loading=\"lazy\" decoding=\"async\" width=\"150\" height=\"150\" src=\"https:\/\/www.alcochemsteel.nl\/wp-content\/uploads\/aluminium_spuitgietwerk1-150x150.jpg\" class=\"attachment-thumbnail size-thumbnail\" alt=\"\" \/><\/a>\n\t\t\t<\/dt><\/dl><br style=\"clear: both\" \/>\n\t\t<\/div>\n\n","protected":false},"excerpt":{"rendered":"<p>Wir sind u.a. auf Druckguss spezialisiert, ein Verfahren mit dem Metall unter hohem Druck in eine Form gespritzt und das Fertigteil geformt wird. Der Prozess Der komplett automatisierte Prozess beginnt beim Gie\u00dfwerkzeug. In der Form aus Werkzeugstahl k\u00f6nnen Gussst\u00fccke aus Werkstoffen mit niedrigerem Schmelzpunkt als Stahl hergestellt werden, zum Beispiel aus Aluminium- oder Zamaklegierungen. W\u00e4hrend [&hellip;]<\/p>\n","protected":false},"author":2,"featured_media":0,"parent":0,"menu_order":0,"comment_status":"open","ping_status":"open","template":"","meta":{"footnotes":""},"yoast_head":"<!-- This site is optimized with the Yoast SEO plugin v24.5 - https:\/\/yoast.com\/wordpress\/plugins\/seo\/ -->\n<title>Druckguss - Alcochem Steel<\/title>\n<meta name=\"description\" content=\"Wir sind u.a. auf Druckguss spezialisiert, ein Verfahren mit dem Metall unter hohem Druck in eine Form gespritzt und das Fertigteil geformt wird.\" \/>\n<meta name=\"robots\" content=\"index, follow, max-snippet:-1, max-image-preview:large, max-video-preview:-1\" \/>\n<link rel=\"canonical\" href=\"https:\/\/www.alcochemsteel.nl\/de\/druckguss\/\" \/>\n<meta property=\"og:locale\" content=\"de_DE\" \/>\n<meta property=\"og:type\" content=\"article\" \/>\n<meta property=\"og:title\" content=\"Druckguss - Alcochem Steel\" \/>\n<meta property=\"og:description\" content=\"Wir sind u.a. auf Druckguss spezialisiert, ein Verfahren mit dem Metall unter hohem Druck in eine Form gespritzt und das Fertigteil geformt wird.\" \/>\n<meta property=\"og:url\" content=\"https:\/\/www.alcochemsteel.nl\/de\/druckguss\/\" \/>\n<meta property=\"og:site_name\" content=\"Alcochem Steel\" \/>\n<meta property=\"article:modified_time\" content=\"2017-01-10T15:29:27+00:00\" \/>\n<meta property=\"og:image\" content=\"https:\/\/www.alcochemsteel.nl\/wp-content\/uploads\/IMG_8290-150x150.jpg\" \/>\n<meta name=\"twitter:label1\" content=\"Gesch\u00e4tzte Lesezeit\" \/>\n\t<meta name=\"twitter:data1\" content=\"1\u00a0Minute\" \/>\n<script type=\"application\/ld+json\" class=\"yoast-schema-graph\">{\"@context\":\"https:\/\/schema.org\",\"@graph\":[{\"@type\":\"WebPage\",\"@id\":\"https:\/\/www.alcochemsteel.nl\/de\/druckguss\/\",\"url\":\"https:\/\/www.alcochemsteel.nl\/de\/druckguss\/\",\"name\":\"Druckguss - Alcochem Steel\",\"isPartOf\":{\"@id\":\"https:\/\/www.alcochemsteel.nl\/#website\"},\"datePublished\":\"2015-03-23T12:56:13+00:00\",\"dateModified\":\"2017-01-10T15:29:27+00:00\",\"description\":\"Wir sind u.a. auf Druckguss spezialisiert, ein Verfahren mit dem Metall unter hohem Druck in eine Form gespritzt und das Fertigteil geformt wird.\",\"breadcrumb\":{\"@id\":\"https:\/\/www.alcochemsteel.nl\/de\/druckguss\/#breadcrumb\"},\"inLanguage\":\"de\",\"potentialAction\":[{\"@type\":\"ReadAction\",\"target\":[\"https:\/\/www.alcochemsteel.nl\/de\/druckguss\/\"]}]},{\"@type\":\"BreadcrumbList\",\"@id\":\"https:\/\/www.alcochemsteel.nl\/de\/druckguss\/#breadcrumb\",\"itemListElement\":[{\"@type\":\"ListItem\",\"position\":1,\"name\":\"Home\",\"item\":\"https:\/\/www.alcochemsteel.nl\/de\/\"},{\"@type\":\"ListItem\",\"position\":2,\"name\":\"Druckguss\"}]},{\"@type\":\"WebSite\",\"@id\":\"https:\/\/www.alcochemsteel.nl\/#website\",\"url\":\"https:\/\/www.alcochemsteel.nl\/\",\"name\":\"Alcochem Steel\",\"description\":\"\",\"potentialAction\":[{\"@type\":\"SearchAction\",\"target\":{\"@type\":\"EntryPoint\",\"urlTemplate\":\"https:\/\/www.alcochemsteel.nl\/?s={search_term_string}\"},\"query-input\":{\"@type\":\"PropertyValueSpecification\",\"valueRequired\":true,\"valueName\":\"search_term_string\"}}],\"inLanguage\":\"de\"}]}<\/script>\n<!-- \/ Yoast SEO plugin. -->","yoast_head_json":{"title":"Druckguss - Alcochem Steel","description":"Wir sind u.a. auf Druckguss spezialisiert, ein Verfahren mit dem Metall unter hohem Druck in eine Form gespritzt und das Fertigteil geformt wird.","robots":{"index":"index","follow":"follow","max-snippet":"max-snippet:-1","max-image-preview":"max-image-preview:large","max-video-preview":"max-video-preview:-1"},"canonical":"https:\/\/www.alcochemsteel.nl\/de\/druckguss\/","og_locale":"de_DE","og_type":"article","og_title":"Druckguss - Alcochem Steel","og_description":"Wir sind u.a. auf Druckguss spezialisiert, ein Verfahren mit dem Metall unter hohem Druck in eine Form gespritzt und das Fertigteil geformt wird.","og_url":"https:\/\/www.alcochemsteel.nl\/de\/druckguss\/","og_site_name":"Alcochem Steel","article_modified_time":"2017-01-10T15:29:27+00:00","og_image":[{"url":"https:\/\/www.alcochemsteel.nl\/wp-content\/uploads\/IMG_8290-150x150.jpg","type":"","width":"","height":""}],"twitter_misc":{"Gesch\u00e4tzte Lesezeit":"1\u00a0Minute"},"schema":{"@context":"https:\/\/schema.org","@graph":[{"@type":"WebPage","@id":"https:\/\/www.alcochemsteel.nl\/de\/druckguss\/","url":"https:\/\/www.alcochemsteel.nl\/de\/druckguss\/","name":"Druckguss - Alcochem Steel","isPartOf":{"@id":"https:\/\/www.alcochemsteel.nl\/#website"},"datePublished":"2015-03-23T12:56:13+00:00","dateModified":"2017-01-10T15:29:27+00:00","description":"Wir sind u.a. auf Druckguss spezialisiert, ein Verfahren mit dem Metall unter hohem Druck in eine Form gespritzt und das Fertigteil geformt wird.","breadcrumb":{"@id":"https:\/\/www.alcochemsteel.nl\/de\/druckguss\/#breadcrumb"},"inLanguage":"de","potentialAction":[{"@type":"ReadAction","target":["https:\/\/www.alcochemsteel.nl\/de\/druckguss\/"]}]},{"@type":"BreadcrumbList","@id":"https:\/\/www.alcochemsteel.nl\/de\/druckguss\/#breadcrumb","itemListElement":[{"@type":"ListItem","position":1,"name":"Home","item":"https:\/\/www.alcochemsteel.nl\/de\/"},{"@type":"ListItem","position":2,"name":"Druckguss"}]},{"@type":"WebSite","@id":"https:\/\/www.alcochemsteel.nl\/#website","url":"https:\/\/www.alcochemsteel.nl\/","name":"Alcochem Steel","description":"","potentialAction":[{"@type":"SearchAction","target":{"@type":"EntryPoint","urlTemplate":"https:\/\/www.alcochemsteel.nl\/?s={search_term_string}"},"query-input":{"@type":"PropertyValueSpecification","valueRequired":true,"valueName":"search_term_string"}}],"inLanguage":"de"}]}},"_links":{"self":[{"href":"https:\/\/www.alcochemsteel.nl\/de\/wp-json\/wp\/v2\/pages\/2641"}],"collection":[{"href":"https:\/\/www.alcochemsteel.nl\/de\/wp-json\/wp\/v2\/pages"}],"about":[{"href":"https:\/\/www.alcochemsteel.nl\/de\/wp-json\/wp\/v2\/types\/page"}],"author":[{"embeddable":true,"href":"https:\/\/www.alcochemsteel.nl\/de\/wp-json\/wp\/v2\/users\/2"}],"replies":[{"embeddable":true,"href":"https:\/\/www.alcochemsteel.nl\/de\/wp-json\/wp\/v2\/comments?post=2641"}],"version-history":[{"count":9,"href":"https:\/\/www.alcochemsteel.nl\/de\/wp-json\/wp\/v2\/pages\/2641\/revisions"}],"predecessor-version":[{"id":3412,"href":"https:\/\/www.alcochemsteel.nl\/de\/wp-json\/wp\/v2\/pages\/2641\/revisions\/3412"}],"wp:attachment":[{"href":"https:\/\/www.alcochemsteel.nl\/de\/wp-json\/wp\/v2\/media?parent=2641"}],"curies":[{"name":"wp","href":"https:\/\/api.w.org\/{rel}","templated":true}]}}